{"id":1013,"date":"2019-08-20T12:05:25","date_gmt":"2019-08-20T12:05:25","guid":{"rendered":"https:\/\/zahnarztpraxis-breitenbachplatz.de\/patientenstimmen\/"},"modified":"2020-10-01T12:28:09","modified_gmt":"2020-10-01T12:28:09","slug":"patient_feedback","status":"publish","type":"page","link":"https:\/\/zahnarztpraxis-breitenbachplatz.de\/en\/patient_feedback\/","title":{"rendered":"Patientenstimmen"},"content":{"rendered":"","protected":false},"excerpt":{"rendered":"","protected":false},"author":4,"featured_media":0,"parent":0,"menu_order":25,"comment_status":"closed","ping_status":"closed","template":"","meta":[],"acf":[],"yoast_head":"<!-- This site is optimized with the Yoast SEO plugin v18.4.1 - https:\/\/yoast.com\/wordpress\/plugins\/seo\/ -->\n<title>Patientenstimmen: Erfahrungen in unserer Zahnarztpraxis<\/title>\n<meta name=\"description\" content=\"Wir nehmen uns Zeit f\u00fcr die Beratung sowie f\u00fcr die Behandlung. Deswegen freuen wir uns besonders \u00fcber die positiven Erfahrungen unserer Patienten.\" \/>\n<meta name=\"robots\" content=\"index, follow, max-snippet:-1, max-image-preview:large, max-video-preview:-1\" \/>\n<link rel=\"canonical\" href=\"https:\/\/zahnarztpraxis-breitenbachplatz.de\/en\/patient_feedback\/\" \/>\n<meta property=\"og:locale\" content=\"en_US\" \/>\n<meta property=\"og:type\" content=\"article\" \/>\n<meta property=\"og:title\" content=\"Patientenstimmen: Erfahrungen in unserer Zahnarztpraxis\" \/>\n<meta property=\"og:description\" content=\"Wir nehmen uns Zeit f\u00fcr die Beratung sowie f\u00fcr die Behandlung. Deswegen freuen wir uns besonders \u00fcber die positiven Erfahrungen unserer Patienten.\" \/>\n<meta property=\"og:url\" content=\"https:\/\/zahnarztpraxis-breitenbachplatz.de\/en\/patient_feedback\/\" \/>\n<meta property=\"og:site_name\" content=\"Dental clinic Breitenbachplatz\" \/>\n<meta property=\"article:modified_time\" content=\"2020-10-01T12:28:09+00:00\" \/>\n<meta name=\"twitter:card\" content=\"summary_large_image\" \/>\n<script type=\"application\/ld+json\" class=\"yoast-schema-graph\">{\"@context\":\"https:\/\/schema.org\",\"@graph\":[{\"@type\":\"WebSite\",\"@id\":\"https:\/\/zahnarztpraxis-breitenbachplatz.de\/#website\",\"url\":\"https:\/\/zahnarztpraxis-breitenbachplatz.de\/\",\"name\":\"Dental clinic Breitenbachplatz\",\"description\":\"Dentistry at the highest level\",\"potentialAction\":[{\"@type\":\"SearchAction\",\"target\":{\"@type\":\"EntryPoint\",\"urlTemplate\":\"https:\/\/zahnarztpraxis-breitenbachplatz.de\/?s={search_term_string}\"},\"query-input\":\"required name=search_term_string\"}],\"inLanguage\":\"en-US\"},{\"@type\":\"WebPage\",\"@id\":\"https:\/\/zahnarztpraxis-breitenbachplatz.de\/en\/patient_feedback\/#webpage\",\"url\":\"https:\/\/zahnarztpraxis-breitenbachplatz.de\/en\/patient_feedback\/\",\"name\":\"Patientenstimmen: Erfahrungen in unserer Zahnarztpraxis\",\"isPartOf\":{\"@id\":\"https:\/\/zahnarztpraxis-breitenbachplatz.de\/#website\"},\"datePublished\":\"2019-08-20T12:05:25+00:00\",\"dateModified\":\"2020-10-01T12:28:09+00:00\",\"description\":\"Wir nehmen uns Zeit f\u00fcr die Beratung sowie f\u00fcr die Behandlung. Deswegen freuen wir uns besonders \u00fcber die positiven Erfahrungen unserer Patienten.\",\"breadcrumb\":{\"@id\":\"https:\/\/zahnarztpraxis-breitenbachplatz.de\/en\/patient_feedback\/#breadcrumb\"},\"inLanguage\":\"en-US\",\"potentialAction\":[{\"@type\":\"ReadAction\",\"target\":[\"https:\/\/zahnarztpraxis-breitenbachplatz.de\/en\/patient_feedback\/\"]}]},{\"@type\":\"BreadcrumbList\",\"@id\":\"https:\/\/zahnarztpraxis-breitenbachplatz.de\/en\/patient_feedback\/#breadcrumb\",\"itemListElement\":[{\"@type\":\"ListItem\",\"position\":1,\"name\":\"Startseite\",\"item\":\"https:\/\/zahnarztpraxis-breitenbachplatz.de\/en\/\"},{\"@type\":\"ListItem\",\"position\":2,\"name\":\"Patientenstimmen\"}]}]}<\/script>\n<!-- \/ Yoast SEO plugin. -->","yoast_head_json":{"title":"Patientenstimmen: Erfahrungen in unserer Zahnarztpraxis","description":"Wir nehmen uns Zeit f\u00fcr die Beratung sowie f\u00fcr die Behandlung. Deswegen freuen wir uns besonders \u00fcber die positiven Erfahrungen unserer Patienten.","robots":{"index":"index","follow":"follow","max-snippet":"max-snippet:-1","max-image-preview":"max-image-preview:large","max-video-preview":"max-video-preview:-1"},"canonical":"https:\/\/zahnarztpraxis-breitenbachplatz.de\/en\/patient_feedback\/","og_locale":"en_US","og_type":"article","og_title":"Patientenstimmen: Erfahrungen in unserer Zahnarztpraxis","og_description":"Wir nehmen uns Zeit f\u00fcr die Beratung sowie f\u00fcr die Behandlung. Deswegen freuen wir uns besonders \u00fcber die positiven Erfahrungen unserer Patienten.","og_url":"https:\/\/zahnarztpraxis-breitenbachplatz.de\/en\/patient_feedback\/","og_site_name":"Dental clinic Breitenbachplatz","article_modified_time":"2020-10-01T12:28:09+00:00","twitter_card":"summary_large_image","schema":{"@context":"https:\/\/schema.org","@graph":[{"@type":"WebSite","@id":"https:\/\/zahnarztpraxis-breitenbachplatz.de\/#website","url":"https:\/\/zahnarztpraxis-breitenbachplatz.de\/","name":"Dental clinic Breitenbachplatz","description":"Dentistry at the highest level","potentialAction":[{"@type":"SearchAction","target":{"@type":"EntryPoint","urlTemplate":"https:\/\/zahnarztpraxis-breitenbachplatz.de\/?s={search_term_string}"},"query-input":"required name=search_term_string"}],"inLanguage":"en-US"},{"@type":"WebPage","@id":"https:\/\/zahnarztpraxis-breitenbachplatz.de\/en\/patient_feedback\/#webpage","url":"https:\/\/zahnarztpraxis-breitenbachplatz.de\/en\/patient_feedback\/","name":"Patientenstimmen: Erfahrungen in unserer Zahnarztpraxis","isPartOf":{"@id":"https:\/\/zahnarztpraxis-breitenbachplatz.de\/#website"},"datePublished":"2019-08-20T12:05:25+00:00","dateModified":"2020-10-01T12:28:09+00:00","description":"Wir nehmen uns Zeit f\u00fcr die Beratung sowie f\u00fcr die Behandlung. Deswegen freuen wir uns besonders \u00fcber die positiven Erfahrungen unserer Patienten.","breadcrumb":{"@id":"https:\/\/zahnarztpraxis-breitenbachplatz.de\/en\/patient_feedback\/#breadcrumb"},"inLanguage":"en-US","potentialAction":[{"@type":"ReadAction","target":["https:\/\/zahnarztpraxis-breitenbachplatz.de\/en\/patient_feedback\/"]}]},{"@type":"BreadcrumbList","@id":"https:\/\/zahnarztpraxis-breitenbachplatz.de\/en\/patient_feedback\/#breadcrumb","itemListElement":[{"@type":"ListItem","position":1,"name":"Startseite","item":"https:\/\/zahnarztpraxis-breitenbachplatz.de\/en\/"},{"@type":"ListItem","position":2,"name":"Patientenstimmen"}]}]}},"_links":{"self":[{"href":"https:\/\/zahnarztpraxis-breitenbachplatz.de\/en\/wp-json\/wp\/v2\/pages\/1013"}],"collection":[{"href":"https:\/\/zahnarztpraxis-breitenbachplatz.de\/en\/wp-json\/wp\/v2\/pages"}],"about":[{"href":"https:\/\/zahnarztpraxis-breitenbachplatz.de\/en\/wp-json\/wp\/v2\/types\/page"}],"author":[{"embeddable":true,"href":"https:\/\/zahnarztpraxis-breitenbachplatz.de\/en\/wp-json\/wp\/v2\/users\/4"}],"replies":[{"embeddable":true,"href":"https:\/\/zahnarztpraxis-breitenbachplatz.de\/en\/wp-json\/wp\/v2\/comments?post=1013"}],"version-history":[{"count":5,"href":"https:\/\/zahnarztpraxis-breitenbachplatz.de\/en\/wp-json\/wp\/v2\/pages\/1013\/revisions"}],"predecessor-version":[{"id":1376,"href":"https:\/\/zahnarztpraxis-breitenbachplatz.de\/en\/wp-json\/wp\/v2\/pages\/1013\/revisions\/1376"}],"wp:attachment":[{"href":"https:\/\/zahnarztpraxis-breitenbachplatz.de\/en\/wp-json\/wp\/v2\/media?parent=1013"}],"curies":[{"name":"wp","href":"https:\/\/api.w.org\/{rel}","templated":true}]}}