{"id":959,"date":"2019-03-18T15:19:10","date_gmt":"2019-03-18T15:19:10","guid":{"rendered":"https:\/\/zahnarztpraxis-breitenbachplatz.de\/professionelle-zahnreinigung\/"},"modified":"2021-02-23T09:58:54","modified_gmt":"2021-02-23T09:58:54","slug":"professional-teeth-cleaning","status":"publish","type":"page","link":"https:\/\/zahnarztpraxis-breitenbachplatz.de\/en\/professional-teeth-cleaning\/","title":{"rendered":"Professional Teeth Cleaning"},"content":{"rendered":"","protected":false},"excerpt":{"rendered":"","protected":false},"author":4,"featured_media":0,"parent":0,"menu_order":46,"comment_status":"closed","ping_status":"closed","template":"","meta":[],"acf":[],"yoast_head":"<!-- This site is optimized with the Yoast SEO plugin v18.4.1 - https:\/\/yoast.com\/wordpress\/plugins\/seo\/ -->\n<title>Professional Teeth Cleaning - Dental clinic Breitenbachplatz<\/title>\n<meta name=\"description\" content=\"Durch regelm\u00e4\u00dfige Prophylaxe bzw. professionelle Zahnreinigung kann jeder Patient seine Kariesanf\u00e4lligkeit mindern und Parodontitis vorbeugen.\" \/>\n<meta name=\"robots\" content=\"index, follow, max-snippet:-1, max-image-preview:large, max-video-preview:-1\" \/>\n<link rel=\"canonical\" href=\"https:\/\/zahnarztpraxis-breitenbachplatz.de\/en\/professional-teeth-cleaning\/\" \/>\n<meta property=\"og:locale\" content=\"en_US\" \/>\n<meta property=\"og:type\" content=\"article\" \/>\n<meta property=\"og:title\" content=\"Professional Teeth Cleaning - Dental clinic Breitenbachplatz\" \/>\n<meta property=\"og:description\" content=\"Durch regelm\u00e4\u00dfige Prophylaxe bzw. professionelle Zahnreinigung kann jeder Patient seine Kariesanf\u00e4lligkeit mindern und Parodontitis vorbeugen.\" \/>\n<meta property=\"og:url\" content=\"https:\/\/zahnarztpraxis-breitenbachplatz.de\/en\/professional-teeth-cleaning\/\" \/>\n<meta property=\"og:site_name\" content=\"Dental clinic Breitenbachplatz\" \/>\n<meta property=\"article:modified_time\" content=\"2021-02-23T09:58:54+00:00\" \/>\n<meta name=\"twitter:card\" content=\"summary_large_image\" \/>\n<script type=\"application\/ld+json\" class=\"yoast-schema-graph\">{\"@context\":\"https:\/\/schema.org\",\"@graph\":[{\"@type\":\"WebSite\",\"@id\":\"https:\/\/zahnarztpraxis-breitenbachplatz.de\/#website\",\"url\":\"https:\/\/zahnarztpraxis-breitenbachplatz.de\/\",\"name\":\"Dental clinic Breitenbachplatz\",\"description\":\"Dentistry at the highest level\",\"potentialAction\":[{\"@type\":\"SearchAction\",\"target\":{\"@type\":\"EntryPoint\",\"urlTemplate\":\"https:\/\/zahnarztpraxis-breitenbachplatz.de\/?s={search_term_string}\"},\"query-input\":\"required name=search_term_string\"}],\"inLanguage\":\"en-US\"},{\"@type\":\"WebPage\",\"@id\":\"https:\/\/zahnarztpraxis-breitenbachplatz.de\/en\/professional-teeth-cleaning\/#webpage\",\"url\":\"https:\/\/zahnarztpraxis-breitenbachplatz.de\/en\/professional-teeth-cleaning\/\",\"name\":\"Professional Teeth Cleaning - Dental clinic Breitenbachplatz\",\"isPartOf\":{\"@id\":\"https:\/\/zahnarztpraxis-breitenbachplatz.de\/#website\"},\"datePublished\":\"2019-03-18T15:19:10+00:00\",\"dateModified\":\"2021-02-23T09:58:54+00:00\",\"description\":\"Durch regelm\u00e4\u00dfige Prophylaxe bzw. professionelle Zahnreinigung kann jeder Patient seine Kariesanf\u00e4lligkeit mindern und Parodontitis vorbeugen.\",\"breadcrumb\":{\"@id\":\"https:\/\/zahnarztpraxis-breitenbachplatz.de\/en\/professional-teeth-cleaning\/#breadcrumb\"},\"inLanguage\":\"en-US\",\"potentialAction\":[{\"@type\":\"ReadAction\",\"target\":[\"https:\/\/zahnarztpraxis-breitenbachplatz.de\/en\/professional-teeth-cleaning\/\"]}]},{\"@type\":\"BreadcrumbList\",\"@id\":\"https:\/\/zahnarztpraxis-breitenbachplatz.de\/en\/professional-teeth-cleaning\/#breadcrumb\",\"itemListElement\":[{\"@type\":\"ListItem\",\"position\":1,\"name\":\"Startseite\",\"item\":\"https:\/\/zahnarztpraxis-breitenbachplatz.de\/en\/\"},{\"@type\":\"ListItem\",\"position\":2,\"name\":\"Professional Teeth Cleaning\"}]}]}<\/script>\n<!-- \/ Yoast SEO plugin. -->","yoast_head_json":{"title":"Professional Teeth Cleaning - Dental clinic Breitenbachplatz","description":"Durch regelm\u00e4\u00dfige Prophylaxe bzw. professionelle Zahnreinigung kann jeder Patient seine Kariesanf\u00e4lligkeit mindern und Parodontitis vorbeugen.","robots":{"index":"index","follow":"follow","max-snippet":"max-snippet:-1","max-image-preview":"max-image-preview:large","max-video-preview":"max-video-preview:-1"},"canonical":"https:\/\/zahnarztpraxis-breitenbachplatz.de\/en\/professional-teeth-cleaning\/","og_locale":"en_US","og_type":"article","og_title":"Professional Teeth Cleaning - Dental clinic Breitenbachplatz","og_description":"Durch regelm\u00e4\u00dfige Prophylaxe bzw. professionelle Zahnreinigung kann jeder Patient seine Kariesanf\u00e4lligkeit mindern und Parodontitis vorbeugen.","og_url":"https:\/\/zahnarztpraxis-breitenbachplatz.de\/en\/professional-teeth-cleaning\/","og_site_name":"Dental clinic Breitenbachplatz","article_modified_time":"2021-02-23T09:58:54+00:00","twitter_card":"summary_large_image","schema":{"@context":"https:\/\/schema.org","@graph":[{"@type":"WebSite","@id":"https:\/\/zahnarztpraxis-breitenbachplatz.de\/#website","url":"https:\/\/zahnarztpraxis-breitenbachplatz.de\/","name":"Dental clinic Breitenbachplatz","description":"Dentistry at the highest level","potentialAction":[{"@type":"SearchAction","target":{"@type":"EntryPoint","urlTemplate":"https:\/\/zahnarztpraxis-breitenbachplatz.de\/?s={search_term_string}"},"query-input":"required name=search_term_string"}],"inLanguage":"en-US"},{"@type":"WebPage","@id":"https:\/\/zahnarztpraxis-breitenbachplatz.de\/en\/professional-teeth-cleaning\/#webpage","url":"https:\/\/zahnarztpraxis-breitenbachplatz.de\/en\/professional-teeth-cleaning\/","name":"Professional Teeth Cleaning - Dental clinic Breitenbachplatz","isPartOf":{"@id":"https:\/\/zahnarztpraxis-breitenbachplatz.de\/#website"},"datePublished":"2019-03-18T15:19:10+00:00","dateModified":"2021-02-23T09:58:54+00:00","description":"Durch regelm\u00e4\u00dfige Prophylaxe bzw. professionelle Zahnreinigung kann jeder Patient seine Kariesanf\u00e4lligkeit mindern und Parodontitis vorbeugen.","breadcrumb":{"@id":"https:\/\/zahnarztpraxis-breitenbachplatz.de\/en\/professional-teeth-cleaning\/#breadcrumb"},"inLanguage":"en-US","potentialAction":[{"@type":"ReadAction","target":["https:\/\/zahnarztpraxis-breitenbachplatz.de\/en\/professional-teeth-cleaning\/"]}]},{"@type":"BreadcrumbList","@id":"https:\/\/zahnarztpraxis-breitenbachplatz.de\/en\/professional-teeth-cleaning\/#breadcrumb","itemListElement":[{"@type":"ListItem","position":1,"name":"Startseite","item":"https:\/\/zahnarztpraxis-breitenbachplatz.de\/en\/"},{"@type":"ListItem","position":2,"name":"Professional Teeth Cleaning"}]}]}},"_links":{"self":[{"href":"https:\/\/zahnarztpraxis-breitenbachplatz.de\/en\/wp-json\/wp\/v2\/pages\/959"}],"collection":[{"href":"https:\/\/zahnarztpraxis-breitenbachplatz.de\/en\/wp-json\/wp\/v2\/pages"}],"about":[{"href":"https:\/\/zahnarztpraxis-breitenbachplatz.de\/en\/wp-json\/wp\/v2\/types\/page"}],"author":[{"embeddable":true,"href":"https:\/\/zahnarztpraxis-breitenbachplatz.de\/en\/wp-json\/wp\/v2\/users\/4"}],"replies":[{"embeddable":true,"href":"https:\/\/zahnarztpraxis-breitenbachplatz.de\/en\/wp-json\/wp\/v2\/comments?post=959"}],"version-history":[{"count":6,"href":"https:\/\/zahnarztpraxis-breitenbachplatz.de\/en\/wp-json\/wp\/v2\/pages\/959\/revisions"}],"predecessor-version":[{"id":1411,"href":"https:\/\/zahnarztpraxis-breitenbachplatz.de\/en\/wp-json\/wp\/v2\/pages\/959\/revisions\/1411"}],"wp:attachment":[{"href":"https:\/\/zahnarztpraxis-breitenbachplatz.de\/en\/wp-json\/wp\/v2\/media?parent=959"}],"curies":[{"name":"wp","href":"https:\/\/api.w.org\/{rel}","templated":true}]}}