{"id":969,"date":"2019-04-03T15:31:47","date_gmt":"2019-04-03T15:31:47","guid":{"rendered":"https:\/\/zahnarztpraxis-breitenbachplatz.de\/wurzelbehandlung\/"},"modified":"2019-09-12T09:07:11","modified_gmt":"2019-09-12T09:07:11","slug":"root-canal-treatment","status":"publish","type":"page","link":"https:\/\/zahnarztpraxis-breitenbachplatz.de\/en\/root-canal-treatment\/","title":{"rendered":"Root canal treatment"},"content":{"rendered":"","protected":false},"excerpt":{"rendered":"","protected":false},"author":4,"featured_media":0,"parent":0,"menu_order":42,"comment_status":"closed","ping_status":"closed","template":"","meta":[],"acf":[],"yoast_head":"<!-- This site is optimized with the Yoast SEO plugin v18.4.1 - https:\/\/yoast.com\/wordpress\/plugins\/seo\/ -->\n<title>Root canal treatment in Berlin - Dental clinic Breitenbachplatz<\/title>\n<meta name=\"description\" content=\"Wir sorgen in erster Linie f\u00fcr eine schmerzfreie Wurzelkanalbehandlung: Die Erhaltung nat\u00fcrlicher Z\u00e4hne wird in jedem Fall angestrebt.\" \/>\n<meta name=\"robots\" content=\"index, follow, max-snippet:-1, max-image-preview:large, max-video-preview:-1\" \/>\n<link rel=\"canonical\" href=\"https:\/\/zahnarztpraxis-breitenbachplatz.de\/en\/root-canal-treatment\/\" \/>\n<meta property=\"og:locale\" content=\"en_US\" \/>\n<meta property=\"og:type\" content=\"article\" \/>\n<meta property=\"og:title\" content=\"Root canal treatment in Berlin - Dental clinic Breitenbachplatz\" \/>\n<meta property=\"og:description\" content=\"Wir sorgen in erster Linie f\u00fcr eine schmerzfreie Wurzelkanalbehandlung: Die Erhaltung nat\u00fcrlicher Z\u00e4hne wird in jedem Fall angestrebt.\" \/>\n<meta property=\"og:url\" content=\"https:\/\/zahnarztpraxis-breitenbachplatz.de\/en\/root-canal-treatment\/\" \/>\n<meta property=\"og:site_name\" content=\"Dental clinic Breitenbachplatz\" \/>\n<meta property=\"article:modified_time\" content=\"2019-09-12T09:07:11+00:00\" \/>\n<meta name=\"twitter:card\" content=\"summary_large_image\" \/>\n<script type=\"application\/ld+json\" class=\"yoast-schema-graph\">{\"@context\":\"https:\/\/schema.org\",\"@graph\":[{\"@type\":\"WebSite\",\"@id\":\"https:\/\/zahnarztpraxis-breitenbachplatz.de\/#website\",\"url\":\"https:\/\/zahnarztpraxis-breitenbachplatz.de\/\",\"name\":\"Dental clinic Breitenbachplatz\",\"description\":\"Dentistry at the highest level\",\"potentialAction\":[{\"@type\":\"SearchAction\",\"target\":{\"@type\":\"EntryPoint\",\"urlTemplate\":\"https:\/\/zahnarztpraxis-breitenbachplatz.de\/?s={search_term_string}\"},\"query-input\":\"required name=search_term_string\"}],\"inLanguage\":\"en-US\"},{\"@type\":\"WebPage\",\"@id\":\"https:\/\/zahnarztpraxis-breitenbachplatz.de\/en\/root-canal-treatment\/#webpage\",\"url\":\"https:\/\/zahnarztpraxis-breitenbachplatz.de\/en\/root-canal-treatment\/\",\"name\":\"Root canal treatment in Berlin - Dental clinic Breitenbachplatz\",\"isPartOf\":{\"@id\":\"https:\/\/zahnarztpraxis-breitenbachplatz.de\/#website\"},\"datePublished\":\"2019-04-03T15:31:47+00:00\",\"dateModified\":\"2019-09-12T09:07:11+00:00\",\"description\":\"Wir sorgen in erster Linie f\u00fcr eine schmerzfreie Wurzelkanalbehandlung: Die Erhaltung nat\u00fcrlicher Z\u00e4hne wird in jedem Fall angestrebt.\",\"breadcrumb\":{\"@id\":\"https:\/\/zahnarztpraxis-breitenbachplatz.de\/en\/root-canal-treatment\/#breadcrumb\"},\"inLanguage\":\"en-US\",\"potentialAction\":[{\"@type\":\"ReadAction\",\"target\":[\"https:\/\/zahnarztpraxis-breitenbachplatz.de\/en\/root-canal-treatment\/\"]}]},{\"@type\":\"BreadcrumbList\",\"@id\":\"https:\/\/zahnarztpraxis-breitenbachplatz.de\/en\/root-canal-treatment\/#breadcrumb\",\"itemListElement\":[{\"@type\":\"ListItem\",\"position\":1,\"name\":\"Startseite\",\"item\":\"https:\/\/zahnarztpraxis-breitenbachplatz.de\/en\/\"},{\"@type\":\"ListItem\",\"position\":2,\"name\":\"Root canal treatment\"}]}]}<\/script>\n<!-- \/ Yoast SEO plugin. -->","yoast_head_json":{"title":"Root canal treatment in Berlin - Dental clinic Breitenbachplatz","description":"Wir sorgen in erster Linie f\u00fcr eine schmerzfreie Wurzelkanalbehandlung: Die Erhaltung nat\u00fcrlicher Z\u00e4hne wird in jedem Fall angestrebt.","robots":{"index":"index","follow":"follow","max-snippet":"max-snippet:-1","max-image-preview":"max-image-preview:large","max-video-preview":"max-video-preview:-1"},"canonical":"https:\/\/zahnarztpraxis-breitenbachplatz.de\/en\/root-canal-treatment\/","og_locale":"en_US","og_type":"article","og_title":"Root canal treatment in Berlin - Dental clinic Breitenbachplatz","og_description":"Wir sorgen in erster Linie f\u00fcr eine schmerzfreie Wurzelkanalbehandlung: Die Erhaltung nat\u00fcrlicher Z\u00e4hne wird in jedem Fall angestrebt.","og_url":"https:\/\/zahnarztpraxis-breitenbachplatz.de\/en\/root-canal-treatment\/","og_site_name":"Dental clinic Breitenbachplatz","article_modified_time":"2019-09-12T09:07:11+00:00","twitter_card":"summary_large_image","schema":{"@context":"https:\/\/schema.org","@graph":[{"@type":"WebSite","@id":"https:\/\/zahnarztpraxis-breitenbachplatz.de\/#website","url":"https:\/\/zahnarztpraxis-breitenbachplatz.de\/","name":"Dental clinic Breitenbachplatz","description":"Dentistry at the highest level","potentialAction":[{"@type":"SearchAction","target":{"@type":"EntryPoint","urlTemplate":"https:\/\/zahnarztpraxis-breitenbachplatz.de\/?s={search_term_string}"},"query-input":"required name=search_term_string"}],"inLanguage":"en-US"},{"@type":"WebPage","@id":"https:\/\/zahnarztpraxis-breitenbachplatz.de\/en\/root-canal-treatment\/#webpage","url":"https:\/\/zahnarztpraxis-breitenbachplatz.de\/en\/root-canal-treatment\/","name":"Root canal treatment in Berlin - Dental clinic Breitenbachplatz","isPartOf":{"@id":"https:\/\/zahnarztpraxis-breitenbachplatz.de\/#website"},"datePublished":"2019-04-03T15:31:47+00:00","dateModified":"2019-09-12T09:07:11+00:00","description":"Wir sorgen in erster Linie f\u00fcr eine schmerzfreie Wurzelkanalbehandlung: Die Erhaltung nat\u00fcrlicher Z\u00e4hne wird in jedem Fall angestrebt.","breadcrumb":{"@id":"https:\/\/zahnarztpraxis-breitenbachplatz.de\/en\/root-canal-treatment\/#breadcrumb"},"inLanguage":"en-US","potentialAction":[{"@type":"ReadAction","target":["https:\/\/zahnarztpraxis-breitenbachplatz.de\/en\/root-canal-treatment\/"]}]},{"@type":"BreadcrumbList","@id":"https:\/\/zahnarztpraxis-breitenbachplatz.de\/en\/root-canal-treatment\/#breadcrumb","itemListElement":[{"@type":"ListItem","position":1,"name":"Startseite","item":"https:\/\/zahnarztpraxis-breitenbachplatz.de\/en\/"},{"@type":"ListItem","position":2,"name":"Root canal treatment"}]}]}},"_links":{"self":[{"href":"https:\/\/zahnarztpraxis-breitenbachplatz.de\/en\/wp-json\/wp\/v2\/pages\/969"}],"collection":[{"href":"https:\/\/zahnarztpraxis-breitenbachplatz.de\/en\/wp-json\/wp\/v2\/pages"}],"about":[{"href":"https:\/\/zahnarztpraxis-breitenbachplatz.de\/en\/wp-json\/wp\/v2\/types\/page"}],"author":[{"embeddable":true,"href":"https:\/\/zahnarztpraxis-breitenbachplatz.de\/en\/wp-json\/wp\/v2\/users\/4"}],"replies":[{"embeddable":true,"href":"https:\/\/zahnarztpraxis-breitenbachplatz.de\/en\/wp-json\/wp\/v2\/comments?post=969"}],"version-history":[{"count":5,"href":"https:\/\/zahnarztpraxis-breitenbachplatz.de\/en\/wp-json\/wp\/v2\/pages\/969\/revisions"}],"predecessor-version":[{"id":1052,"href":"https:\/\/zahnarztpraxis-breitenbachplatz.de\/en\/wp-json\/wp\/v2\/pages\/969\/revisions\/1052"}],"wp:attachment":[{"href":"https:\/\/zahnarztpraxis-breitenbachplatz.de\/en\/wp-json\/wp\/v2\/media?parent=969"}],"curies":[{"name":"wp","href":"https:\/\/api.w.org\/{rel}","templated":true}]}}